{"id":22,"date":"2025-05-31T02:07:56","date_gmt":"2025-05-31T02:07:56","guid":{"rendered":"https:\/\/lime-salmon-692351.hostingersite.com\/?page_id=22"},"modified":"2026-03-28T11:31:11","modified_gmt":"2026-03-28T11:31:11","slug":"entre-em-contato-conosco","status":"publish","type":"page","link":"https:\/\/lhcarbonsolutions.com\/pt\/entre-em-contato-conosco\/","title":{"rendered":"Entre em contato conosco"},"content":{"rendered":"<section class=\"section\" id=\"section_3131118925\" >\n\t\t<div class=\"section-bg fill\"  >\n\t\t\t        \n\t\t\t            \n\t\t\t\t\t\t\n\n\t\t<\/div>\n\n\t\t\n\n\t\t<div class=\"section-content relative\">\n\t\t\t\n\n  <div class=\"banner has-hover\" id=\"banner-531658732\">\n          <div class=\"banner-inner fill\">\n        <div class=\"banner-bg fill\"  style=\"background:linear-gradient(to bottom, rgb(0, 0, 0), rgba(0, 0, 0, 0.145));-webkit-mask-image:linear-gradient(to bottom, rgb(0, 0, 0), rgba(0, 0, 0, 0.145));\">\n\t\t\t<img decoding=\"async\" width=\"2560\" height=\"1280\" src=\"https:\/\/lhcarbonsolutions.com\/wp-content\/uploads\/2025\/12\/industrial-landscape-environmental-pollution-waste-thermal-power-plant-big-pipes-chemical-industry-enterprise-plant-1_resized-scaled-1.webp\" class=\"bg attachment-original size-original\" alt=\"paisagem industrial polui\u00e7\u00e3o ambiental res\u00edduos usina de energia t\u00e9rmica tubos grandes ind\u00fastria qu\u00edmica empresa planta 1 redimensionada em escala 1\" \/>                        <div class=\"overlay\"><\/div>            \n                    <\/div>\n        \n        <div class=\"banner-layers container\">\n                            <div class=\"fill banner-link\"><\/div>\n                        \n\n   <div id=\"text-box-1405251767\" class=\"text-box banner-layer x50 md-x50 lg-x50 y50 md-y50 lg-y50 res-text\">\n                                <div class=\"text-box-content text dark\">\n              \n              <div class=\"text-inner text-center\">\n                  \n\n\t<div id=\"text-3663012920\" class=\"text\">\n\t\t\n\n<h1><strong>[page_title]<\/strong><\/h1>\n\t\t\n<style>\n#text-3663012920 {\n  font-size: 0.75rem;\n}\n@media (min-width:550px) {\n  #text-3663012920 {\n    font-size: 1.4rem;\n  }\n}\n@media (min-width:850px) {\n  #text-3663012920 {\n    font-size: 1.4rem;\n  }\n}\n<\/style>\n\t<\/div>\n\t\n\t<div id=\"text-3570751162\" class=\"text\">\n\t\t\n\nEntre em contato hoje mesmo. Estamos aqui para ajudar\n\t\t\n<style>\n#text-3570751162 {\n  font-size: 0.75rem;\n}\n@media (min-width:550px) {\n  #text-3570751162 {\n    font-size: 1rem;\n  }\n}\n<\/style>\n\t<\/div>\n\t\n\n              <\/div>\n           <\/div>\n                            \n<style>\n#text-box-1405251767 {\n  width: 86%;\n}\n#text-box-1405251767 .text-box-content {\n  font-size: 100%;\n}\n@media (min-width:850px) {\n  #text-box-1405251767 {\n    width: 60%;\n  }\n}\n<\/style>\n    <\/div>\n \n   <div id=\"text-box-1011812034\" class=\"text-box banner-layer x50 md-x50 lg-x50 y90 md-y90 lg-y90 res-text\">\n                                <div class=\"text-box-content text dark\">\n              \n              <div class=\"text-inner text-center\">\n                  \n\n\n\n<nav  aria-label=\"breadcrumb\"><ol class=\"breadcrumb\"><li class=\"breadcrumb-item active\" aria-current=\"page\"><span>In\u00edcio<\/span><\/li><\/ol><\/nav>\n\n\n              <\/div>\n           <\/div>\n                            \n<style>\n#text-box-1011812034 {\n  width: 86%;\n}\n#text-box-1011812034 .text-box-content {\n  font-size: 100%;\n}\n@media (min-width:850px) {\n  #text-box-1011812034 {\n    width: 60%;\n  }\n}\n<\/style>\n    <\/div>\n \n\n        <\/div>\n      <\/div>\n            \n<style>\n#banner-531658732 {\n  padding-top: 266px;\n  background-color: rgb(0, 0, 0);\n}\n#banner-531658732 .overlay {\n  background-color: rgba(0, 0, 0, 0.169);\n}\n@media (min-width:550px) {\n  #banner-531658732 {\n    padding-top: 475px;\n  }\n}\n@media (min-width:850px) {\n  #banner-531658732 {\n    padding-top: 500px;\n  }\n}\n<\/style>\n          <\/div>\n  \n\n\n\t\t<\/div>\n\n        \n<style>\n#section_3131118925 {\n  padding-top: 0px;\n  padding-bottom: 0px;\n}\n<\/style>\n    \t<\/section>\n\t\n\t<section class=\"section\" id=\"section_673570343\" >\n\t\t<div class=\"section-bg fill\"  >\n\t\t\t        \n\t\t\t            \n\t\t\t\t\t\t\n\n\t\t<\/div>\n\n\t\t\n\n\t\t<div class=\"section-content relative\">\n\t\t\t\n\n<div class=\"row align-equal\"  id=\"row-51008374\">\n\n\n\t<div id=\"col-1088910348\" class=\"col medium-12 small-12 large-4\"  >\n\t\t\t\t<div class=\"col-inner text-left box-shadow-1\" style=\"background-color:rgb(255, 255, 255);\" >\n\t\t\t\n\t\t\t\n\n\t\t<div id=\"iconbox-1425640525\" class=\"icon-box featured-box pb0 icon-box-center text-center\"  >\n\t\t\t\t\t<div class=\"icon-box-img\" style=\"width:31px;\">\n\t\t\t\t<div class=\"icon\">\n\t\t\t\t\t<div class=\"icon-inner\" >\n\t\t\t\t\t\t<?xml version=\"1.0\" encoding=\"UTF-8\"?>\n<svg xmlns=\"http:\/\/www.w3.org\/2000\/svg\" id=\"Layer_1\" data-name=\"Layer 1\" viewbox=\"0 0 24 24\" width=\"512\" height=\"512\"><path d=\"M13,1a1,1,0,0,1,1-1A10.011,10.011,0,0,1,24,10a1,1,0,0,1-2,0,8.009,8.009,0,0,0-8-8A1,1,0,0,1,13,1Zm1,5a4,4,0,0,1,4,4,1,1,0,0,0,2,0,6.006,6.006,0,0,0-6-6,1,1,0,0,0,0,2Zm9.093,10.739a3.1,3.1,0,0,1,0,4.378l-.91,1.049c-8.19,7.841-28.12-12.084-20.4-20.3l1.15-1A3.081,3.081,0,0,1,7.26.906c.031.031,1.884,2.438,1.884,2.438a3.1,3.1,0,0,1-.007,4.282L7.979,9.082a12.781,12.781,0,0,0,6.931,6.945l1.465-1.165a3.1,3.1,0,0,1,4.281-.006S23.062,16.708,23.093,16.739Zm-1.376,1.454s-2.393-1.841-2.424-1.872a1.1,1.1,0,0,0-1.549,0c-.027.028-2.044,1.635-2.044,1.635a1,1,0,0,1-.979.152A15.009,15.009,0,0,1,5.9,9.3a1,1,0,0,1,.145-1S7.652,6.282,7.679,6.256a1.1,1.1,0,0,0,0-1.549c-.031-.03-1.872-2.425-1.872-2.425a1.1,1.1,0,0,0-1.51.039l-1.15,1C-2.495,10.105,14.776,26.418,20.721,20.8l.911-1.05A1.121,1.121,0,0,0,21.717,18.193Z\"\/><\/svg>\n\t\t\t\t\t<\/div>\n\t\t\t\t<\/div>\n\t\t\t<\/div>\n\t\t\t\t<div class=\"icon-box-text last-reset\">\n\t\t\t\t\t\t\t\t\t\n\n\t<div id=\"text-1580694240\" class=\"text pb0\">\n\t\t\n\n<p>N\u00famero de telefone<\/p>\n\t\t\n<style>\n#text-1580694240 {\n  font-size: 0.75rem;\n  line-height: 1.3;\n}\n@media (min-width:550px) {\n  #text-1580694240 {\n    font-size: 0.9rem;\n  }\n}\n@media (min-width:850px) {\n  #text-1580694240 {\n    font-size: 1rem;\n  }\n}\n<\/style>\n\t<\/div>\n\t\n\t<div id=\"text-3477846182\" class=\"text\">\n\t\t\n\n<p><a href=\"tel:86 15263165253\">+86 15263165253<\/a><\/p>\n\t\t\n<style>\n#text-3477846182 {\n  font-size: 0.75rem;\n}\n@media (min-width:550px) {\n  #text-3477846182 {\n    font-size: 0.9rem;\n  }\n}\n@media (min-width:850px) {\n  #text-3477846182 {\n    font-size: 1.2rem;\n  }\n}\n<\/style>\n\t<\/div>\n\t\n\n\t\t<\/div>\n\t<\/div>\n\t    \t\n\n\t\t<\/div>\n\t\t\t\t\n<style>\n#col-1088910348 > .col-inner {\n  padding: 15px 15px 15px 15px;\n  border-radius: 7px;\n}\n@media (min-width:550px) {\n  #col-1088910348 > .col-inner {\n    padding: 30px 30px 30px 30px;\n  }\n}\n@media (min-width:850px) {\n  #col-1088910348 > .col-inner {\n    padding: 30px 30px 30px 30px;\n  }\n}\n<\/style>\n\t<\/div>\n\n\t\n\n\t<div id=\"col-1546979104\" class=\"col medium-12 small-12 large-4\"  >\n\t\t\t\t<div class=\"col-inner text-left box-shadow-1\" style=\"background-color:rgb(255, 255, 255);\" >\n\t\t\t\n\t\t\t\n\n\t\t<div id=\"iconbox-3652579788\" class=\"icon-box featured-box pb0 icon-box-center text-center\"  >\n\t\t\t\t\t<div class=\"icon-box-img\" style=\"width:31px;\">\n\t\t\t\t<div class=\"icon\">\n\t\t\t\t\t<div class=\"icon-inner\" >\n\t\t\t\t\t\t<?xml version=\"1.0\" encoding=\"UTF-8\"?>\n<svg xmlns=\"http:\/\/www.w3.org\/2000\/svg\" id=\"Outline\" viewbox=\"0 0 24 24\" width=\"512\" height=\"512\"><path d=\"M19,1H5A5.006,5.006,0,0,0,0,6V18a5.006,5.006,0,0,0,5,5H19a5.006,5.006,0,0,0,5-5V6A5.006,5.006,0,0,0,19,1ZM5,3H19a3,3,0,0,1,2.78,1.887l-7.658,7.659a3.007,3.007,0,0,1-4.244,0L2.22,4.887A3,3,0,0,1,5,3ZM19,21H5a3,3,0,0,1-3-3V7.5L8.464,13.96a5.007,5.007,0,0,0,7.072,0L22,7.5V18A3,3,0,0,1,19,21Z\"\/><\/svg>\n\t\t\t\t\t<\/div>\n\t\t\t\t<\/div>\n\t\t\t<\/div>\n\t\t\t\t<div class=\"icon-box-text last-reset\">\n\t\t\t\t\t\t\t\t\t\n\n\t<div id=\"text-1576137649\" class=\"text pb0\">\n\t\t\n\n<p>E-mail<\/p>\n\t\t\n<style>\n#text-1576137649 {\n  font-size: 0.75rem;\n  line-height: 1.3;\n}\n@media (min-width:550px) {\n  #text-1576137649 {\n    font-size: 0.9rem;\n  }\n}\n@media (min-width:850px) {\n  #text-1576137649 {\n    font-size: 1rem;\n  }\n}\n<\/style>\n\t<\/div>\n\t\n\t<div id=\"text-3613264116\" class=\"text\">\n\t\t\n\n<p><a href=\"mailto:INFO@CARBONFIBERTECHS.COM\"><b>INFO@CARBONFIBERTECHS.COM<\/b><\/a><\/p>\n\t\t\n<style>\n#text-3613264116 {\n  font-size: 0.75rem;\n}\n@media (min-width:550px) {\n  #text-3613264116 {\n    font-size: 0.9rem;\n  }\n}\n@media (min-width:850px) {\n  #text-3613264116 {\n    font-size: 1.2rem;\n  }\n}\n<\/style>\n\t<\/div>\n\t\n\n\t\t<\/div>\n\t<\/div>\n\t    \t\n\n\t\t<\/div>\n\t\t\t\t\n<style>\n#col-1546979104 > .col-inner {\n  padding: 15px 15px 15px 15px;\n  border-radius: 7px;\n}\n@media (min-width:550px) {\n  #col-1546979104 > .col-inner {\n    padding: 30px 30px 30px 30px;\n  }\n}\n@media (min-width:850px) {\n  #col-1546979104 > .col-inner {\n    padding: 30px 30px 30px 30px;\n  }\n}\n<\/style>\n\t<\/div>\n\n\t\n\n\t<div id=\"col-1294711040\" class=\"col medium-12 small-12 large-4\"  >\n\t\t\t\t<div class=\"col-inner text-left box-shadow-1\" style=\"background-color:rgb(255, 255, 255);\" >\n\t\t\t\n\t\t\t\n\n\t\t<div id=\"iconbox-3003892292\" class=\"icon-box featured-box pb0 icon-box-center text-center\"  >\n\t\t\t\t\t<div class=\"icon-box-img\" style=\"width:31px;\">\n\t\t\t\t<div class=\"icon\">\n\t\t\t\t\t<div class=\"icon-inner\" >\n\t\t\t\t\t\t<?xml version=\"1.0\" encoding=\"UTF-8\"?>\n<!-- Generator: Adobe Illustrator 25.0.0, SVG Export Plug-In . SVG Version: 6.00 Build 0)  -->\n<svg xmlns=\"http:\/\/www.w3.org\/2000\/svg\" xmlns:xlink=\"http:\/\/www.w3.org\/1999\/xlink\" version=\"1.1\" id=\"Capa_1\" x=\"0px\" y=\"0px\" viewbox=\"0 0 512 512\" style=\"enable-background:new 0 0 512 512;\" xml:space=\"preserve\" width=\"512\" height=\"512\">\n<g id=\"_01_align_center\">\n\t<path d=\"M255.104,512.171l-14.871-12.747C219.732,482.258,40.725,327.661,40.725,214.577c0-118.398,95.981-214.379,214.379-214.379   s214.379,95.981,214.379,214.379c0,113.085-179.007,267.682-199.423,284.932L255.104,512.171z M255.104,46.553   c-92.753,0.105-167.918,75.27-168.023,168.023c0,71.042,110.132,184.53,168.023,236.473   c57.892-51.964,168.023-165.517,168.023-236.473C423.022,121.823,347.858,46.659,255.104,46.553z\"\/>\n\t<path d=\"M255.104,299.555c-46.932,0-84.978-38.046-84.978-84.978s38.046-84.978,84.978-84.978s84.978,38.046,84.978,84.978   S302.037,299.555,255.104,299.555z M255.104,172.087c-23.466,0-42.489,19.023-42.489,42.489s19.023,42.489,42.489,42.489   s42.489-19.023,42.489-42.489S278.571,172.087,255.104,172.087z\"\/>\n<\/g>\n<\/svg>\n\t\t\t\t\t<\/div>\n\t\t\t\t<\/div>\n\t\t\t<\/div>\n\t\t\t\t<div class=\"icon-box-text last-reset\">\n\t\t\t\t\t\t\t\t\t\n\n\t<div id=\"text-2318292910\" class=\"text pb0\">\n\t\t\n\n<p>Endere\u00e7o<\/p>\n\t\t\n<style>\n#text-2318292910 {\n  font-size: 0.75rem;\n  line-height: 1.3;\n}\n@media (min-width:550px) {\n  #text-2318292910 {\n    font-size: 0.9rem;\n  }\n}\n@media (min-width:850px) {\n  #text-2318292910 {\n    font-size: 1rem;\n  }\n}\n<\/style>\n\t<\/div>\n\t\n\t<div id=\"text-632124715\" class=\"text\">\n\t\t\n\n<p>Cidade de Weihai, prov\u00edncia de ShanDong 264200<\/p>\n\t\t\n<style>\n#text-632124715 {\n  font-size: 0.75rem;\n}\n@media (min-width:550px) {\n  #text-632124715 {\n    font-size: 0.9rem;\n  }\n}\n@media (min-width:850px) {\n  #text-632124715 {\n    font-size: 1rem;\n  }\n}\n<\/style>\n\t<\/div>\n\t\n\n\t\t<\/div>\n\t<\/div>\n\t    \t\n\n\t\t<\/div>\n\t\t\t\t\n<style>\n#col-1294711040 > .col-inner {\n  padding: 15px 15px 15px 15px;\n  border-radius: 7px;\n}\n@media (min-width:550px) {\n  #col-1294711040 > .col-inner {\n    padding: 30px 30px 30px 30px;\n  }\n}\n@media (min-width:850px) {\n  #col-1294711040 > .col-inner {\n    padding: 30px 30px 30px 30px;\n  }\n}\n<\/style>\n\t<\/div>\n\n\t\n\n<\/div>\n<div class=\"container section-title-container\" style=\"overflow:hidden;max-width:500px;\">\n          <h6 class=\"section-title section-title-center\" style=\"transform:skewX(-deg);\">\n          <b ><\/b>\n          <span class=\"section-title-main\" >Siga o Thunder Laser<\/span>\n          <b ><\/b><\/h6>\n          <\/div>\n\n<div class=\"row\"  id=\"row-1128259381\">\n\n\n\t<div id=\"col-304180809\" class=\"col p0 small-12 large-12\"  >\n\t\t\t\t<div class=\"col-inner text-center\"  >\n\t\t\t\n\t\t\t\n\n<div class=\"follow-icons text-c-000 plr10 social-icons\" ><a href=\"https:\/\/www.facebook.com\/profile.php?id=61583997871686\" target=\"_blank\" data-label=\"Facebook\" class=\"icon plain facebook\" title=\"Follow on Facebook\" aria-label=\"Follow on Facebook\" rel=\"noopener nofollow\"><i class=\"icon-facebook\" aria-hidden=\"true\"><\/i><\/a><a href=\"https:\/\/x.com\/CarlWang775171\" data-label=\"X\" target=\"_blank\" class=\"icon plain x\" title=\"Follow on X\" aria-label=\"Follow on X\" rel=\"noopener nofollow\"><i class=\"icon-x\" aria-hidden=\"true\"><\/i><\/a><a href=\"mailto:info@carbonfibertechs.com\" data-label=\"E-mail\" target=\"_blank\" class=\"icon plain email\" title=\"Envie-nos um email\" aria-label=\"Envie-nos um email\" rel=\"nofollow noopener\"><i class=\"icon-envelop\" aria-hidden=\"true\"><\/i><\/a><a href=\"\/pt\/86 15263165253\/\" data-label=\"Whatsapp\" target=\"_blank\" class=\"icon plain whatsapp\" title=\"Whatsapp\" aria-label=\"Whatsapp\" rel=\"nofollow noopener\"><i class=\"icon-whatsapp\" aria-hidden=\"true\"><\/i><\/a><a href=\"https:\/\/www.linkedin.com\/company\/weihai-longhe-carbon-fiber\/?viewAsMember=true\" data-label=\"LinkedIn\" target=\"_blank\" class=\"icon plain linkedin\" title=\"Follow on LinkedIn\" aria-label=\"Follow on LinkedIn\" rel=\"noopener nofollow\"><i class=\"icon-linkedin\" aria-hidden=\"true\"><\/i><\/a><a href=\"#\" data-label=\"YouTube\" target=\"_blank\" class=\"icon plain youtube\" title=\"Follow on YouTube\" aria-label=\"Follow on YouTube\" rel=\"noopener nofollow\"><i class=\"icon-youtube\" aria-hidden=\"true\"><\/i><\/a><\/div>\n\n\n\t\t<\/div>\n\t\t\t\t\t<\/div>\n\n\t\n\n<\/div>\n\n\t\t<\/div>\n\n        \n<style>\n#section_673570343 {\n  padding-top: 30px;\n  padding-bottom: 30px;\n  background-color: rgb(247, 247, 247);\n}\n@media (min-width:850px) {\n  #section_673570343 {\n    padding-top: 60px;\n    padding-bottom: 60px;\n  }\n}\n<\/style>\n    \t<\/section>\n\t\n\t<section class=\"section\" id=\"section_1329483300\" >\n\t\t<div class=\"section-bg fill\"  >\n\t\t\t        \n\t\t\t            \n\t\t\t\t\t\t\n\n\t\t<\/div>\n\n\t\t\n\n\t\t<div class=\"section-content relative\">\n\t\t\t\n\n<div class=\"row\"  id=\"row-1133091185\">\n\n\n\t<div id=\"col-872594443\" class=\"col from-box-none medium-8 small-12 large-12\"  >\n\t\t\t\t<div class=\"col-inner text-left\"  >\n\t\t\t\n\t\t\t\n\n\t\t<div class=\"shadow0\">\n\t\t\t\t\n\n<div class='fluentform ff-default fluentform_wrapper_1 ffs_modern_l_wrap'><form data-form_id=\"1\" id=\"fluentform_1\" class=\"frm-fluent-form fluent_form_1 ff-el-form-top ff_form_instance_1_1 ff-form-loading ffs_modern_l\" data-form_instance=\"ff_form_instance_1_1\" method=\"POST\" data-turnstile_key=\"0x4AAAAAACHTFOB6gVj29eOu\" action=\"\" ><fieldset  style=\"border: none!important;margin: 0!important;padding: 0!important;background-color: transparent!important;box-shadow: none!important;outline: none!important; min-inline-size: 100%;\">\n                    <legend class=\"ff_screen_reader_title\" style=\"display: block; margin: 0!important;padding: 0!important;height: 0!important;text-indent: -999999px;width: 0!important;overflow:hidden;\">Formul\u00e1rio de contato<\/legend><input type='hidden' name='__fluent_form_embded_post_id' value='22' \/><input type=\"hidden\" id=\"_fluentform_1_fluentformnonce\" name=\"_fluentform_1_fluentformnonce\" value=\"6e1df761ab\" \/><input type=\"hidden\" name=\"_wp_http_referer\" value=\"\/pt\/wp-json\/wp\/v2\/pages\/22\" \/><div class='ff-el-group  ff-custom_html' tabindex='-1' data-name=\"custom_html-1_1\" ><h2>Envie sua consulta hoje mesmo<\/h2><\/div><div data-name=\"ff_cn_id_1\"  class='ff-t-container ff-column-container ff_columns_total_1'><div class='ff-t-cell ff-t-column-1' style='flex-basis: 100%;'><div data-type=\"name-element\" data-name=\"names\" class=\"ff-field_container ff-name-field-wrapper\" ><div class='ff-t-container'><div class='ff-t-cell'><div class='ff-el-group ff-el-form-top'><div class=\"ff-el-input--label asterisk-right\"><label for='ff_1_names_first_name_' id='label_ff_1_names_first_name_' >Primeiro nome<\/label><\/div><div class='ff-el-input--content'><input type=\"text\" name=\"names[first_name]\" id=\"ff_1_names_first_name_\" class=\"ff-el-form-control\" placeholder=\"Digite seu primeiro nome\" aria-invalid=\"false\" aria-required=\"false\"><\/div><\/div><\/div><div class='ff-t-cell'><div class='ff-el-group ff-el-form-top'><div class=\"ff-el-input--label asterisk-right\"><label for='ff_1_names_last_name_' id='label_ff_1_names_last_name_' >Sobrenome<\/label><\/div><div class='ff-el-input--content'><input type=\"text\" name=\"names[last_name]\" id=\"ff_1_names_last_name_\" class=\"ff-el-form-control\" placeholder=\"Digite seu sobrenome\" aria-invalid=\"false\" aria-required=\"false\"><\/div><\/div><\/div><\/div><\/div><\/div><\/div><div data-name=\"ff_cn_id_2\"  class='ff-t-container ff-column-container ff_columns_total_2'><div class='ff-t-cell ff-t-column-1' style='flex-basis: 50%;'><div class='ff-el-group'><div class=\"ff-el-input--label ff-el-is-required asterisk-right\"><label for='ff_1_email' id='label_ff_1_email' aria-label=\"E-mail\">E-mail<\/label><\/div><div class='ff-el-input--content'><input type=\"email\" name=\"email\" id=\"ff_1_email\" class=\"ff-el-form-control\" placeholder=\"Use o e-mail de sua empresa, se dispon\u00edvel.\" data-name=\"email\"  aria-invalid=\"false\" aria-required=\"true\"><\/div><\/div><\/div><div class='ff-t-cell ff-t-column-2' style='flex-basis: 50%;'><div class='ff-el-group'><div class=\"ff-el-input--label asterisk-right\"><label for='ff_1_phone' id='label_ff_1_phone' aria-label=\"Telefone\/M\u00f3vel\">Telefone\/M\u00f3vel<\/label><\/div><div class='ff-el-input--content'><input name=\"phone\" class=\"ff-el-form-control ff-el-phone ff_el_with_extended_validation\" type=\"tel\" placeholder=\"N\u00famero de celular\" data-name=\"phone\" id=\"ff_1_phone\" inputmode=\"tel\"  aria-invalid='false' aria-required=\"false\"><\/div><\/div><\/div><\/div><div data-name=\"ff_cn_id_3\"  class='ff-t-container ff-column-container ff_columns_total_1'><div class='ff-t-cell ff-t-column-1' style='flex-basis: 100%;'><div class='ff-el-group'><div class=\"ff-el-input--label ff-el-is-required asterisk-right\"><label for='ff_1_message' id='label_ff_1_message' aria-label=\"Sua mensagem\">Sua mensagem<\/label><\/div><div class='ff-el-input--content'><textarea aria-required=\"true\" aria-labelledby=\"label_ff_1_message\" name=\"message\" id=\"ff_1_message\" class=\"ff-el-form-control\" placeholder=\"Qual \u00e9 a fun\u00e7\u00e3o da pe\u00e7a? Descreva o tamanho, o acabamento, a aplica\u00e7\u00e3o e as condi\u00e7\u00f5es de trabalho, se aplic\u00e1vel.\" rows=\"4\" cols=\"5\" data-name=\"message\" ><\/textarea><\/div><\/div><div class='ff-el-group' ><div class='ff-el-input--content'><div data-fluent_id='1' name='cf-turnstile-response'><div\n\t\tdata-sitekey='0x4AAAAAACHTFOB6gVj29eOu'\n\t\tdata-theme='auto'\n\t\tid='fluentform-turnstile-1-1'\n\t\tclass='ff-el-turnstile cf-turnstile'\n\t\tdata-appearance='execute'><\/div><\/div><\/div><\/div><\/div><\/div><div class='ff-el-group ff-text-right ff_submit_btn_wrapper'><button type=\"submit\" class=\"ff-btn ff-btn-submit ff-btn-md ff_btn_style\"  aria-label=\"Enviar\">Enviar<\/button><\/div><\/fieldset><input type=\"hidden\" name=\"trp-form-language\" value=\"pt\"\/><\/form><div id='fluentform_1_errors' class='ff-errors-in-stack ff_form_instance_1_1 ff-form-loading_errors ff_form_instance_1_1_errors'><\/div><\/div>            <script type=\"text\/javascript\">\n                window.fluent_form_ff_form_instance_1_1 = {\"id\":\"1\",\"settings\":{\"layout\":{\"labelPlacement\":\"top\",\"helpMessagePlacement\":\"with_label\",\"errorMessagePlacement\":\"inline\",\"cssClassName\":\"\",\"asteriskPlacement\":\"asterisk-right\"},\"restrictions\":{\"denyEmptySubmission\":{\"enabled\":false}}},\"form_instance\":\"ff_form_instance_1_1\",\"form_id_selector\":\"fluentform_1\",\"rules\":{\"names[first_name]\":{\"required\":{\"value\":false,\"message\":\"Este campo \\u00e9 obrigat\\u00f3rio\",\"global_message\":\"This field is required\",\"global\":true}},\"names[middle_name]\":{\"required\":{\"value\":false,\"message\":\"Este campo \\u00e9 obrigat\\u00f3rio\",\"global_message\":\"This field is required\",\"global\":true}},\"names[last_name]\":{\"required\":{\"value\":false,\"message\":\"Este campo \\u00e9 obrigat\\u00f3rio\",\"global_message\":\"This field is required\",\"global\":true}},\"email\":{\"required\":{\"value\":true,\"message\":\"This field is required\",\"global\":false,\"global_message\":\"This field is required\"},\"email\":{\"value\":true,\"message\":\"This field must contain a valid email\",\"global\":false,\"global_message\":\"This field must contain a valid email\"}},\"phone\":{\"required\":{\"value\":false,\"global\":true,\"message\":\"Este campo \\u00e9 obrigat\\u00f3rio\",\"global_message\":\"This field is required\"},\"valid_phone_number\":{\"value\":true,\"global\":true,\"message\":\"O n\\u00famero de telefone n\\u00e3o \\u00e9 v\\u00e1lido\",\"global_message\":\"Phone number is not valid\"}},\"message\":{\"required\":{\"value\":true,\"message\":\"This field is required\",\"global\":false,\"global_message\":\"This field is required\"}},\"cf-turnstile-response\":[]},\"debounce_time\":300};\n                            <\/script>\n            \n\t\t<\/div>\n\t\n\n\t\t<\/div>\n\t\t\t\t\n<style>\n#col-872594443 > .col-inner {\n  padding: 15px 15px 15px 15px;\n  border-radius: 7px;\n}\n@media (min-width:550px) {\n  #col-872594443 > .col-inner {\n    padding: 30px 30px 30px 30px;\n  }\n}\n@media (min-width:850px) {\n  #col-872594443 > .col-inner {\n    padding: 0px 20% 0px 20%;\n  }\n}\n<\/style>\n\t<\/div>\n\n\t\n\n<\/div>\n\n\t\t<\/div>\n\n        \n<style>\n#section_1329483300 {\n  padding-top: 30px;\n  padding-bottom: 30px;\n}\n@media (min-width:850px) {\n  #section_1329483300 {\n    padding-top: 60px;\n    padding-bottom: 60px;\n  }\n}\n<\/style>\n    \t<\/section>","protected":false},"excerpt":{"rendered":"","protected":false},"author":1,"featured_media":0,"parent":0,"menu_order":0,"comment_status":"closed","ping_status":"closed","template":"page-blank.php","meta":{"_acf_changed":false,"_seopress_robots_primary_cat":"","_seopress_titles_title":"","_seopress_titles_desc":"","_seopress_robots_index":"","footnotes":""},"class_list":["post-22","page","type-page","status-publish"],"acf":[],"_links":{"self":[{"href":"https:\/\/lhcarbonsolutions.com\/pt\/wp-json\/wp\/v2\/pages\/22","targetHints":{"allow":["GET"]}}],"collection":[{"href":"https:\/\/lhcarbonsolutions.com\/pt\/wp-json\/wp\/v2\/pages"}],"about":[{"href":"https:\/\/lhcarbonsolutions.com\/pt\/wp-json\/wp\/v2\/types\/page"}],"author":[{"embeddable":true,"href":"https:\/\/lhcarbonsolutions.com\/pt\/wp-json\/wp\/v2\/users\/1"}],"replies":[{"embeddable":true,"href":"https:\/\/lhcarbonsolutions.com\/pt\/wp-json\/wp\/v2\/comments?post=22"}],"version-history":[{"count":6,"href":"https:\/\/lhcarbonsolutions.com\/pt\/wp-json\/wp\/v2\/pages\/22\/revisions"}],"predecessor-version":[{"id":5565,"href":"https:\/\/lhcarbonsolutions.com\/pt\/wp-json\/wp\/v2\/pages\/22\/revisions\/5565"}],"wp:attachment":[{"href":"https:\/\/lhcarbonsolutions.com\/pt\/wp-json\/wp\/v2\/media?parent=22"}],"curies":[{"name":"wp","href":"https:\/\/api.w.org\/{rel}","templated":true}]}}